{"id":1511,"date":"2023-10-31T15:17:31","date_gmt":"2023-10-31T15:17:31","guid":{"rendered":"https:\/\/www.biogenactive.com\/about-us\/"},"modified":"2024-05-28T14:23:03","modified_gmt":"2024-05-28T14:23:03","slug":"foeretaget","status":"publish","type":"page","link":"https:\/\/www.biogenactive.com\/sv\/foeretaget\/","title":{"rendered":"F\u00d6RETAGET"},"content":{"rendered":"\t\t<div data-elementor-type=\"wp-page\" data-elementor-id=\"1511\" class=\"elementor elementor-1511 elementor-1049\" data-elementor-post-type=\"page\">\n\t\t\t\t<div class=\"elementor-element elementor-element-c482090 e-flex e-con-boxed e-con e-parent\" data-id=\"c482090\" data-element_type=\"container\" data-settings=\"{&quot;background_background&quot;:&quot;classic&quot;,&quot;jet_parallax_layout_list&quot;:[]}\">\n\t\t\t\t\t<div class=\"e-con-inner\">\n\t\t<div class=\"elementor-element elementor-element-a66202d e-con-full e-flex e-con e-child\" data-id=\"a66202d\" data-element_type=\"container\" data-settings=\"{&quot;jet_parallax_layout_list&quot;:[]}\">\n\t\t\t\t<div class=\"elementor-element elementor-element-3c0500b elementor-widget elementor-widget-heading\" data-id=\"3c0500b\" data-element_type=\"widget\" data-widget_type=\"heading.default\">\n\t\t\t\t<div class=\"elementor-widget-container\">\n\t\t\t<h1 class=\"elementor-heading-title elementor-size-default elementor-heading-title\">F\u00d6RETAGET<\/h1>\t\t<\/div>\n\t\t\t\t<\/div>\n\t\t\t\t<div class=\"elementor-element elementor-element-5d695f8 elementor-widget elementor-widget-text-editor\" data-id=\"5d695f8\" data-element_type=\"widget\" data-widget_type=\"text-editor.default\">\n\t\t\t\t<div class=\"elementor-widget-container\">\n\t\t\t\t\t\t\t<p>Vem vi \u00e4r och vad vi g\u00f6r<\/p>\n\t\t\t\t\t\t<\/div>\n\t\t\t\t<\/div>\n\t\t\t\t<\/div>\n\t\t\t\t\t<\/div>\n\t\t\t\t<\/div>\n\t\t<div class=\"elementor-element elementor-element-24ccca8 e-flex e-con-boxed e-con e-parent\" data-id=\"24ccca8\" data-element_type=\"container\" data-settings=\"{&quot;background_background&quot;:&quot;classic&quot;,&quot;jet_parallax_layout_list&quot;:[]}\">\n\t\t\t\t\t<div class=\"e-con-inner\">\n\t\t\t\t<div class=\"elementor-element elementor-element-56cdf1b elementor-widget elementor-widget-heading\" data-id=\"56cdf1b\" data-element_type=\"widget\" data-widget_type=\"heading.default\">\n\t\t\t\t<div class=\"elementor-widget-container\">\n\t\t\t<h2 class=\"elementor-heading-title elementor-size-default elementor-heading-title\">Bio Gen Active\u00ae<\/h2>\t\t<\/div>\n\t\t\t\t<\/div>\n\t\t\t\t<div class=\"elementor-element elementor-element-1afb10e elementor-widget elementor-widget-text-editor\" data-id=\"1afb10e\" data-element_type=\"widget\" data-widget_type=\"text-editor.default\">\n\t\t\t\t<div class=\"elementor-widget-container\">\n\t\t\t\t\t\t\t<p>Vi \u00e4r ett milj\u00f6teknikbolag som drivs av m\u00e4nniskor med en ren omtanke. Vi tror p\u00e5 ett ansvarstagande, inte bara f\u00f6r v\u00e5r generation, utan \u00e4ven f\u00f6r de som kommer efter. Det \u00e4r v\u00e5r drivkraft f\u00f6r att st\u00e4ndigt optimera v\u00e5r aff\u00e4rsid\u00e9: D\u00e4rf\u00f6r \u00e4r vi mycket stolta \u00f6ver att kontinuerligt optimera prestandan f\u00f6r v\u00e5rt erbjudande:<\/p>\n\t\t\t\t\t\t<\/div>\n\t\t\t\t<\/div>\n\t\t\t\t<div class=\"elementor-element elementor-element-ee7d643 elementor-blockquote--skin-quotation elementor-blockquote--button-color-official elementor-widget elementor-widget-blockquote\" data-id=\"ee7d643\" data-element_type=\"widget\" data-widget_type=\"blockquote.default\">\n\t\t\t\t<div class=\"elementor-widget-container\">\n\t\t\t\t\t<blockquote class=\"elementor-blockquote\">\n\t\t\t<p class=\"elementor-blockquote__content\">\n\t\t\t\tAtt hj\u00e4lpa v\u00e5ra kunder \u00f6ka s\u00e4kerhetsniv\u00e5n f\u00f6r deras medarbetare och samtidigt minska milj\u00f6belastningen fr\u00e5n deras verksamhet genom att anv\u00e4nda reng\u00f6ringsmedel baserade p\u00e5 den unika ingrediensen\t\t\t<\/p>\n\t\t\t\t\t\t\t<div class=\"e-q-footer\">\n\t\t\t\t\t\t\t\t\t\t\t<cite class=\"elementor-blockquote__author\">Bio Gen Active\u00ae<\/cite>\n\t\t\t\t\t\t\t\t\t\t\t\t\t\t<\/div>\n\t\t\t\t\t<\/blockquote>\n\t\t\t\t<\/div>\n\t\t\t\t<\/div>\n\t\t\t\t<div class=\"elementor-element elementor-element-03ad302 elementor-widget elementor-widget-text-editor\" data-id=\"03ad302\" data-element_type=\"widget\" data-widget_type=\"text-editor.default\">\n\t\t\t\t<div class=\"elementor-widget-container\">\n\t\t\t\t\t\t\t<p>Efter mer \u00e4n ett \u00e5rtionde med n\u00f6jda kunder som jobbar inom olika omr\u00e5den v\u00e4rlden \u00f6ver, \u00e4r teknologin v\u00e4l bepr\u00f6vad och konceptet uppskattas f\u00f6r dess m\u00e5ngsidighet. Funktionella produkter \u00e4r viktiga f\u00f6r resultatet, men service &amp; support \u00e4r n\u00f6dv\u00e4ndiga f\u00f6r f\u00f6rtroendet.<\/p><p>Vi v\u00e4lkomnar Dig, vare sig Du redan \u00e4r kund hos oss idag eller endast \u00f6nskar att veta mer, att kontakta oss f\u00f6r en f\u00f6ruts\u00e4ttningsl\u00f6s diskussion. V\u00e5rt m\u00e5l \u00e4r att hj\u00e4lpa Dig en bit vidare i Din str\u00e4van f\u00f6r en ren omtanke!<\/p><p>V\u00e4lkommen till <a href=\"https:\/\/www.biogenactive.com\/sv\/biogenactive\/\">Bio Gen Active\u00ae<\/a><\/p>\t\t\t\t\t\t<\/div>\n\t\t\t\t<\/div>\n\t\t\t\t<div class=\"elementor-element elementor-element-8ec5a17 elementor-widget elementor-widget-heading\" data-id=\"8ec5a17\" data-element_type=\"widget\" data-widget_type=\"heading.default\">\n\t\t\t\t<div class=\"elementor-widget-container\">\n\t\t\t<h2 class=\"elementor-heading-title elementor-size-default elementor-heading-title\">Aff\u00e4rsid\u00e9<\/h2>\t\t<\/div>\n\t\t\t\t<\/div>\n\t\t\t\t<div class=\"elementor-element elementor-element-74ce32f elementor-widget elementor-widget-text-editor\" data-id=\"74ce32f\" data-element_type=\"widget\" data-widget_type=\"text-editor.default\">\n\t\t\t\t<div class=\"elementor-widget-container\">\n\t\t\t\t\t\t\t<p>Att hj\u00e4lpa v\u00e5ra kunder att \u00f6ka s\u00e4kerhetsniv\u00e5n f\u00f6r deras medarbetare och samtidigt minska milj\u00f6belastningen fr\u00e5n deras verksamhet genom att anv\u00e4nda reng\u00f6ringsmedel baserade p\u00e5 den unika ingrediensen <a href=\"https:\/\/www.biogenactive.com\/sv\/biogenactive\/\">Bio Gen Active\u00ae<\/a><\/p>\t\t\t\t\t\t<\/div>\n\t\t\t\t<\/div>\n\t\t\t\t<div class=\"elementor-element elementor-element-07ee5a7 elementor-widget elementor-widget-heading\" data-id=\"07ee5a7\" data-element_type=\"widget\" data-widget_type=\"heading.default\">\n\t\t\t\t<div class=\"elementor-widget-container\">\n\t\t\t<h2 class=\"elementor-heading-title elementor-size-default elementor-heading-title\">Nyckelv\u00e4rden<\/h2>\t\t<\/div>\n\t\t\t\t<\/div>\n\t\t\t\t<div class=\"elementor-element elementor-element-7dd52d7 elementor-widget elementor-widget-text-editor\" data-id=\"7dd52d7\" data-element_type=\"widget\" data-widget_type=\"text-editor.default\">\n\t\t\t\t<div class=\"elementor-widget-container\">\n\t\t\t\t\t\t\t<ul>\n<li>Effektivitet<\/li>\n<li>Milj\u00f6optimering<\/li>\n<li>S\u00e4kerhet<\/li>\n<li>Ekonomi<\/li>\n<\/ul>\n\t\t\t\t\t\t<\/div>\n\t\t\t\t<\/div>\n\t\t\t\t<div class=\"elementor-element elementor-element-bd29e0e elementor-widget elementor-widget-heading\" data-id=\"bd29e0e\" data-element_type=\"widget\" data-widget_type=\"heading.default\">\n\t\t\t\t<div class=\"elementor-widget-container\">\n\t\t\t<h2 class=\"elementor-heading-title elementor-size-default elementor-heading-title\">Unik teknologi<\/h2>\t\t<\/div>\n\t\t\t\t<\/div>\n\t\t\t\t<div class=\"elementor-element elementor-element-04297c2 elementor-widget elementor-widget-text-editor\" data-id=\"04297c2\" data-element_type=\"widget\" data-widget_type=\"text-editor.default\">\n\t\t\t\t<div class=\"elementor-widget-container\">\n\t\t\t\t\t\t\t<p><a href=\"https:\/\/www.biogenactive.com\/sv\/biogenactive\/\">Bio Gen Active\u00ae<\/a> \u00e4r ett milj\u00f6- och h\u00e4lsooptimerat \u00e4mne som \u00e4r 100 % naturligt och baserat p\u00e5 fermenterad vassle<\/p>\t\t\t\t\t\t<\/div>\n\t\t\t\t<\/div>\n\t\t\t\t<div class=\"elementor-element elementor-element-96a1fdb elementor-widget elementor-widget-heading\" data-id=\"96a1fdb\" data-element_type=\"widget\" data-widget_type=\"heading.default\">\n\t\t\t\t<div class=\"elementor-widget-container\">\n\t\t\t<h2 class=\"elementor-heading-title elementor-size-default elementor-heading-title\">Kvalitets- &amp; milj\u00f6policy<\/h2>\t\t<\/div>\n\t\t\t\t<\/div>\n\t\t\t\t<div class=\"elementor-element elementor-element-680f034 elementor-widget elementor-widget-text-editor\" data-id=\"680f034\" data-element_type=\"widget\" data-widget_type=\"text-editor.default\">\n\t\t\t\t<div class=\"elementor-widget-container\">\n\t\t\t\t\t\t\t<p>Vi \u00e4r ett milj\u00f6teknikbolag som drivs av m\u00e4nniskor med en ren omtanke. Vi tror p\u00e5 ett ansvarstagande, inte bara f\u00f6r v\u00e5r generation, utan \u00e4ven f\u00f6r de som kommer efter. Det \u00e4r v\u00e5r drivkraft f\u00f6r att st\u00e4ndigt optimera v\u00e5r aff\u00e4rsid\u00e9:<\/p>\n<p><em>Att erbjuda effektiva, s\u00e4kra och milda reng\u00f6rings- och kroppsv\u00e5rdsprodukter som minskar milj\u00f6belastningen och bidrar till en mer cirkul\u00e4r samh\u00e4llsekonomi<\/em><\/p>\n\t\t\t\t\t\t<\/div>\n\t\t\t\t<\/div>\n\t\t\t\t<div class=\"elementor-element elementor-element-a452ef9 elementor-widget elementor-widget-heading\" data-id=\"a452ef9\" data-element_type=\"widget\" data-widget_type=\"heading.default\">\n\t\t\t\t<div class=\"elementor-widget-container\">\n\t\t\t<h2 class=\"elementor-heading-title elementor-size-default elementor-heading-title\">Milj\u00f6certifiering, kvalitetsledning och uppf\u00f6rande<\/h2>\t\t<\/div>\n\t\t\t\t<\/div>\n\t\t\t\t<div class=\"elementor-element elementor-element-6651080 elementor-widget elementor-widget-text-editor\" data-id=\"6651080\" data-element_type=\"widget\" data-widget_type=\"text-editor.default\">\n\t\t\t\t<div class=\"elementor-widget-container\">\n\t\t\t\t\t\t\t<section class=\"tm-60 small-text-center medium-text-left\">\n<div class=\"row\">\n<div class=\"column medium-5\">\n<p>Bolaget \u00e4r certifierat enligt ISO 9001:2015 standard, vi str\u00e4var alltid efter att v\u00e5ra produkter ska uppfylla interna och externa h\u00f6gt st\u00e4llda milj\u00f6kriterier enligt Milj\u00f6m\u00e4rkning Sverige (Svanen &amp; EU-Blomman) &amp; Svenska Naturskyddsf\u00f6reningen (Bra Milj\u00f6val). Verksamheten bedrivs i enlighet med FNs Global Compact, tio principer med avseende p\u00e5 m\u00e4nskliga r\u00e4ttigheter, arbetsstadgar, milj\u00f6- och antikorruption.<br \/><a href=\"https:\/\/www.unglobalcompact.org\/what-is-gc\/mission\/principles\" target=\"_blank\" rel=\"noopener\">https:\/\/www.unglobalcompact.org\/what-is-gc\/mission\/principles<\/a><\/p>\n<\/div>\n<\/div>\n<\/section>\n<section class=\"tm-60 small-text-center medium-text-left\">\n<div class=\"row\">\n<div class=\"column medium-12\">\n<div class=\"module-title\">\n<div class=\"module-title\"> <\/div>\n<\/div>\n<\/div>\n<\/div>\n<\/section>\n\t\t\t\t\t\t<\/div>\n\t\t\t\t<\/div>\n\t\t\t\t\t<\/div>\n\t\t\t\t<\/div>\n\t\t<div class=\"elementor-element elementor-element-263f674 e-flex e-con-boxed e-con e-parent\" data-id=\"263f674\" data-element_type=\"container\" data-settings=\"{&quot;background_background&quot;:&quot;classic&quot;,&quot;jet_parallax_layout_list&quot;:[]}\">\n\t\t\t\t\t<div class=\"e-con-inner\">\n\t\t\t\t<div class=\"elementor-element elementor-element-3832130 elementor-widget elementor-widget-heading\" data-id=\"3832130\" data-element_type=\"widget\" data-widget_type=\"heading.default\">\n\t\t\t\t<div class=\"elementor-widget-container\">\n\t\t\t<h2 class=\"elementor-heading-title elementor-size-default elementor-heading-title\">Forskning och utveckling<\/h2>\t\t<\/div>\n\t\t\t\t<\/div>\n\t\t\t\t<div class=\"elementor-element elementor-element-28a7fa3 elementor-widget elementor-widget-text-editor\" data-id=\"28a7fa3\" data-element_type=\"widget\" data-widget_type=\"text-editor.default\">\n\t\t\t\t<div class=\"elementor-widget-container\">\n\t\t\t\t\t\t\t<section class=\"tm-60 small-text-center medium-text-left\"><div class=\"row\"><div class=\"column medium-5\"><section class=\"tm-60 small-text-center medium-text-left\"><div class=\"row\"><div class=\"column medium-12\"><div class=\"module-title\"><p>F\u00f6retaget ligger alltid l\u00e5ngt framme i utvecklingen med v\u00e5r unika Bio Gen Active\u00ae teknologi och skr\u00e4ddarsydda reng\u00f6ringsl\u00f6sningar till v\u00e5ra kunder.<\/p><p>FoU-arbetet innefattar f\u00f6ljande:<\/p><ul><li>Produktutveckling<\/li><li>Forskning<\/li><li>Teknisk support<\/li><\/ul><p>Produktutvecklingen sker i n\u00e4ra samarbete med kunder och marknaden, och inneb\u00e4r framtagande av nya produkter samt optimering av befintliga n\u00e4r det g\u00e4ller effektivitet, h\u00e4lsa och milj\u00f6.<\/p><p>Forskningen inriktar sig p\u00e5 att st\u00e4ndigt utveckla v\u00e5r kunskap om den unika substansen <a href=\"https:\/\/www.biogenactive.com\/sv\/biogenactive\/\">Bio Gen Active\u00ae<\/a> och dess styrka och m\u00f6jligheter inom reng\u00f6ring.<\/p><p>Vi tillhandh\u00e5ller komplett teknisk support till v\u00e5ra kunder och partners inom produkter, reng\u00f6ringsapplikationer, lagkrav, milj\u00f6m\u00e4rkning, bel\u00e4ggningar och reng\u00f6ringsprotokoll (t.ex. Cleaning In Place). Vi tar ocks\u00e5 p\u00e5 oss konsultuppdrag inom alla dessa omr\u00e5den.<\/p><\/div><\/div><\/div><\/section><\/div><\/div><\/section>\t\t\t\t\t\t<\/div>\n\t\t\t\t<\/div>\n\t\t\t\t\t<\/div>\n\t\t\t\t<\/div>\n\t\t<div class=\"elementor-element elementor-element-fa5ca35 e-flex e-con-boxed e-con e-parent\" data-id=\"fa5ca35\" data-element_type=\"container\" data-settings=\"{&quot;background_background&quot;:&quot;classic&quot;,&quot;jet_parallax_layout_list&quot;:[]}\">\n\t\t\t\t\t<div class=\"e-con-inner\">\n\t\t\t\t<div class=\"elementor-element elementor-element-cdbd3c9 elementor-widget elementor-widget-heading\" data-id=\"cdbd3c9\" data-element_type=\"widget\" data-widget_type=\"heading.default\">\n\t\t\t\t<div class=\"elementor-widget-container\">\n\t\t\t<h2 class=\"elementor-heading-title elementor-size-default elementor-heading-title\">Produkternas sammans\u00e4ttning<\/h2>\t\t<\/div>\n\t\t\t\t<\/div>\n\t\t\t\t<div class=\"elementor-element elementor-element-b12f5f0 elementor-widget elementor-widget-text-editor\" data-id=\"b12f5f0\" data-element_type=\"widget\" data-widget_type=\"text-editor.default\">\n\t\t\t\t<div class=\"elementor-widget-container\">\n\t\t\t\t\t\t\t<h4><a href=\"https:\/\/www.biogenactive.com\/sv\/produkter\/multi-clean-floorwall\/\">Allrent<\/a><\/h4><ul><li>Aqua<\/li><li>Bio Gen Active\u00ae<\/li><li>C-10 Alcohol Ethoxylate<\/li><li>Perfume<\/li><li>Phenoxyethanol<\/li><li>Potassium Cumenesulfonate<\/li><li>Sodium Carbonate<\/li><li>Sodium Cumenesulfonate<\/li><li>Trisodium Citrate<\/li><\/ul><h4><a href=\"https:\/\/www.biogenactive.com\/sv\/produkter\/shower-creme\/\">Duschcr\u00e8me<\/a><\/h4><ul><li>Aqua<\/li><li>Bio Gen Active\u00ae<\/li><li>C.I. 42051<\/li><li>Citric Acid<\/li><li>Cocamidopropyl Betaine<\/li><li>Decyl Glucoside<\/li><li>Disodium Cocoamphodiacetate<\/li><li>Glycerin<\/li><li>Glyceryl Oleate<\/li><li>Perfume<\/li><li>Phenoxyethanol<\/li><li>Potassium Sorbate<\/li><li>Sodium Chloride<\/li><li>Sodium Laureth Sulfate<\/li><\/ul><h4><a href=\"https:\/\/www.biogenactive.com\/sv\/produkter\/washing-up-liquid\/\">Handdisk<\/a><\/h4><ul><li>Aqua<\/li><li>Bio Gen Active\u00ae<\/li><li>C-10 Alcohol Ethoxylate<\/li><li>C.I. 42051<\/li><li>C.I. 47005<\/li><li>Cocamidopropyl Betaine<\/li><li>Perfume<\/li><li>Potassium Sorbate<\/li><li>Sodium Laureth Sulfate<\/li><\/ul><h4><a href=\"https:\/\/www.biogenactive.com\/sv\/produkter\/hand-soap\/\">Handtv\u00e5l<\/a><\/h4><ul><li>Aqua<\/li><li>Bio Gen Active\u00ae<\/li><li>C.I. 42051<\/li><li>Citric Acid<\/li><li>Cocamidopropyl Betaine<\/li><li>Disodium Cocoamphodiacetate<\/li><li>Glycerin<\/li><li>PEG-7 Glyceryl Cocoate<\/li><li>Perfume<\/li><li>Phenoxyethanol<\/li><li>Potassium Sorbate<\/li><li>Sodium Chloride<\/li><li>Sodium Laureth Sulfate<\/li><\/ul><h4><a href=\"https:\/\/www.biogenactive.com\/sv\/produkter\/combi-clean-bathkitchen\/\">Universal Bad&amp;K\u00f6k<\/a><\/h4><ul><li>Aqua<\/li><li>Bio Gen Active\u00ae<\/li><li>C-10 Alcohol Ethoxylate<\/li><li>Citric Acid<\/li><li>Perfume<\/li><li>Potassium Sorbate<\/li><\/ul><h4><a href=\"https:\/\/www.biogenactive.com\/sv\/produkter\/wc-clean\/\">WC-Rent<\/a><\/h4><ul><li>Aqua<\/li><li>Bio Gen Active\u00ae<\/li><li>C-10 Alcohol Ethoxylate<\/li><li>C.I. 42051<\/li><li>Citric Acid<\/li><li>Perfume<\/li><li>Potassium Sorbate<\/li><li>Xanthan Gum<\/li><\/ul>\t\t\t\t\t\t<\/div>\n\t\t\t\t<\/div>\n\t\t\t\t\t<\/div>\n\t\t\t\t<\/div>\n\t\t\t\t<\/div>\n\t\t","protected":false},"excerpt":{"rendered":"<p>F\u00d6RETAGET Vem vi \u00e4r och vad vi g\u00f6r Bio Gen Active\u00ae Vi \u00e4r ett milj\u00f6teknikbolag som drivs av m\u00e4nniskor med en ren omtanke. Vi tror p\u00e5 ett ansvarstagande, inte bara f\u00f6r v\u00e5r generation, utan \u00e4ven f\u00f6r de som kommer efter. Det \u00e4r v\u00e5r drivkraft f\u00f6r att st\u00e4ndigt optimera v\u00e5r aff\u00e4rsid\u00e9: D\u00e4rf\u00f6r \u00e4r vi mycket stolta [&hellip;]<\/p>\n","protected":false},"author":1,"featured_media":0,"parent":0,"menu_order":0,"comment_status":"closed","ping_status":"closed","template":"elementor_header_footer","meta":{"inline_featured_image":false,"footnotes":""},"class_list":["post-1511","page","type-page","status-publish","hentry"],"_links":{"self":[{"href":"https:\/\/www.biogenactive.com\/sv\/wp-json\/wp\/v2\/pages\/1511","targetHints":{"allow":["GET"]}}],"collection":[{"href":"https:\/\/www.biogenactive.com\/sv\/wp-json\/wp\/v2\/pages"}],"about":[{"href":"https:\/\/www.biogenactive.com\/sv\/wp-json\/wp\/v2\/types\/page"}],"author":[{"embeddable":true,"href":"https:\/\/www.biogenactive.com\/sv\/wp-json\/wp\/v2\/users\/1"}],"replies":[{"embeddable":true,"href":"https:\/\/www.biogenactive.com\/sv\/wp-json\/wp\/v2\/comments?post=1511"}],"version-history":[{"count":0,"href":"https:\/\/www.biogenactive.com\/sv\/wp-json\/wp\/v2\/pages\/1511\/revisions"}],"wp:attachment":[{"href":"https:\/\/www.biogenactive.com\/sv\/wp-json\/wp\/v2\/media?parent=1511"}],"curies":[{"name":"wp","href":"https:\/\/api.w.org\/{rel}","templated":true}]}}