{"id":1520,"date":"2023-10-31T16:56:45","date_gmt":"2023-10-31T16:56:45","guid":{"rendered":"https:\/\/www.biogenactive.com\/kontakta-oss\/"},"modified":"2024-05-28T07:50:44","modified_gmt":"2024-05-28T07:50:44","slug":"kontakta-oss","status":"publish","type":"page","link":"https:\/\/www.biogenactive.com\/sv\/kontakta-oss\/","title":{"rendered":"KONTAKT"},"content":{"rendered":"\t\t<div data-elementor-type=\"wp-page\" data-elementor-id=\"1520\" class=\"elementor elementor-1520 elementor-1118\" data-elementor-post-type=\"page\">\n\t\t\t\t<div class=\"elementor-element elementor-element-ef3797b e-flex e-con-boxed e-con e-parent\" data-id=\"ef3797b\" data-element_type=\"container\" data-settings=\"{&quot;background_background&quot;:&quot;classic&quot;,&quot;jet_parallax_layout_list&quot;:[]}\">\n\t\t\t\t\t<div class=\"e-con-inner\">\n\t\t<div class=\"elementor-element elementor-element-f3c2376 e-con-full e-flex e-con e-child\" data-id=\"f3c2376\" data-element_type=\"container\" data-settings=\"{&quot;jet_parallax_layout_list&quot;:[]}\">\n\t\t\t\t<div class=\"elementor-element elementor-element-2790347 elementor-widget elementor-widget-heading\" data-id=\"2790347\" data-element_type=\"widget\" data-widget_type=\"heading.default\">\n\t\t\t\t<div class=\"elementor-widget-container\">\n\t\t\t<h1 class=\"elementor-heading-title elementor-size-default elementor-heading-title\">Kontakta oss<\/h1>\t\t<\/div>\n\t\t\t\t<\/div>\n\t\t\t\t<div class=\"elementor-element elementor-element-0ed083b elementor-widget elementor-widget-text-editor\" data-id=\"0ed083b\" data-element_type=\"widget\" data-widget_type=\"text-editor.default\">\n\t\t\t\t<div class=\"elementor-widget-container\">\n\t\t\t\t\t\t\t<p>Kontakta v\u00e5rt team<\/p>\n\t\t\t\t\t\t<\/div>\n\t\t\t\t<\/div>\n\t\t\t\t<\/div>\n\t\t\t\t\t<\/div>\n\t\t\t\t<\/div>\n\t\t<div class=\"elementor-element elementor-element-163efa0 e-flex e-con-boxed e-con e-parent\" data-id=\"163efa0\" data-element_type=\"container\" data-settings=\"{&quot;background_background&quot;:&quot;classic&quot;,&quot;jet_parallax_layout_list&quot;:[]}\">\n\t\t\t\t\t<div class=\"e-con-inner\">\n\t\t<div class=\"elementor-element elementor-element-954b07f e-con-full e-flex e-con e-child\" data-id=\"954b07f\" data-element_type=\"container\" data-settings=\"{&quot;jet_parallax_layout_list&quot;:[]}\">\n\t\t\t\t<div class=\"elementor-element elementor-element-7128be4 elementor-widget elementor-widget-heading\" data-id=\"7128be4\" data-element_type=\"widget\" data-widget_type=\"heading.default\">\n\t\t\t\t<div class=\"elementor-widget-container\">\n\t\t\t<h2 class=\"elementor-heading-title elementor-size-default elementor-heading-title\">Kom i kontakt med oss<\/h2>\t\t<\/div>\n\t\t\t\t<\/div>\n\t\t\t\t<div class=\"elementor-element elementor-element-cd4f389 elementor-widget elementor-widget-text-editor\" data-id=\"cd4f389\" data-element_type=\"widget\" data-widget_type=\"text-editor.default\">\n\t\t\t\t<div class=\"elementor-widget-container\">\n\t\t\t\t\t\t\t<p>Vi uppskattar dina synpunkter och vi finns h\u00e4r f\u00f6r att hj\u00e4lpa dig p\u00e5 alla s\u00e4tt vi kan. Oavsett om du har fr\u00e5gor, f\u00f6rslag eller beh\u00f6ver support, tveka inte att kontakta oss. Nedan hittar du v\u00e5r kontaktinformation f\u00f6r att n\u00e5 v\u00e5rt team. Din feedback \u00e4r ov\u00e4rderlig f\u00f6r oss n\u00e4r vi kontinuerligt str\u00e4var efter att f\u00f6rb\u00e4ttra v\u00e5ra tj\u00e4nster och produkter. Vi ser fram emot att h\u00f6ra fr\u00e5n dig och kommer att g\u00f6ra v\u00e5rt b\u00e4sta f\u00f6r att ge dig ett snabbt och hj\u00e4lpsamt svar. Tack f\u00f6r att du v\u00e4ljer att kontakta oss!<\/p>\n\t\t\t\t\t\t<\/div>\n\t\t\t\t<\/div>\n\t\t\t\t<div class=\"elementor-element elementor-element-d1e9772 elementor-icon-list--layout-traditional elementor-list-item-link-full_width elementor-widget elementor-widget-icon-list\" data-id=\"d1e9772\" data-element_type=\"widget\" data-widget_type=\"icon-list.default\">\n\t\t\t\t<div class=\"elementor-widget-container\">\n\t\t\t\t\t<ul class=\"elementor-icon-list-items\">\n\t\t\t\t\t\t\t<li class=\"elementor-icon-list-item\">\n\t\t\t\t\t\t\t\t\t\t\t<a href=\"mailto:info@biogenactive.com\">\n\n\t\t\t\t\t\t\t\t\t\t\t\t<span class=\"elementor-icon-list-icon\">\n\t\t\t\t\t\t\t<i aria-hidden=\"true\" class=\"material-icons md-email\"><\/i>\t\t\t\t\t\t<\/span>\n\t\t\t\t\t\t\t\t\t\t<span class=\"elementor-icon-list-text\">info@biogenactive.com<\/span>\n\t\t\t\t\t\t\t\t\t\t\t<\/a>\n\t\t\t\t\t\t\t\t\t<\/li>\n\t\t\t\t\t\t\t\t<li class=\"elementor-icon-list-item\">\n\t\t\t\t\t\t\t\t\t\t\t<a href=\"tel:%20+46693661210\">\n\n\t\t\t\t\t\t\t\t\t\t\t\t<span class=\"elementor-icon-list-icon\">\n\t\t\t\t\t\t\t<i aria-hidden=\"true\" class=\"fas fa-phone-alt\"><\/i>\t\t\t\t\t\t<\/span>\n\t\t\t\t\t\t\t\t\t\t<span class=\"elementor-icon-list-text\">+46 (0)693-66 12 10<\/span>\n\t\t\t\t\t\t\t\t\t\t\t<\/a>\n\t\t\t\t\t\t\t\t\t<\/li>\n\t\t\t\t\t\t<\/ul>\n\t\t\t\t<\/div>\n\t\t\t\t<\/div>\n\t\t\t\t<\/div>\n\t\t<div class=\"elementor-element elementor-element-47f767e e-con-full e-flex e-con e-child\" data-id=\"47f767e\" data-element_type=\"container\" data-settings=\"{&quot;jet_parallax_layout_list&quot;:[]}\">\n\t\t\t\t<div class=\"elementor-element elementor-element-60d1670 elementor-widget elementor-widget-wpforms\" data-id=\"60d1670\" data-element_type=\"widget\" data-widget_type=\"wpforms.default\">\n\t\t\t\t<div class=\"elementor-widget-container\">\n\t\t\t<style id=\"wpforms-css-vars-root\">\n\t\t\t\t:root {\n\t\t\t\t\t--wpforms-field-border-radius: 3px;\n--wpforms-field-background-color: #ffffff;\n--wpforms-field-border-color: rgba( 0, 0, 0, 0.25 );\n--wpforms-field-text-color: rgba( 0, 0, 0, 0.7 );\n--wpforms-label-color: rgba( 0, 0, 0, 0.85 );\n--wpforms-label-sublabel-color: rgba( 0, 0, 0, 0.55 );\n--wpforms-label-error-color: #d63637;\n--wpforms-button-border-radius: 3px;\n--wpforms-button-background-color: #066aab;\n--wpforms-button-text-color: #ffffff;\n--wpforms-page-break-color: #066aab;\n--wpforms-field-size-input-height: 43px;\n--wpforms-field-size-input-spacing: 15px;\n--wpforms-field-size-font-size: 16px;\n--wpforms-field-size-line-height: 19px;\n--wpforms-field-size-padding-h: 14px;\n--wpforms-field-size-checkbox-size: 16px;\n--wpforms-field-size-sublabel-spacing: 5px;\n--wpforms-field-size-icon-size: 1;\n--wpforms-label-size-font-size: 16px;\n--wpforms-label-size-line-height: 19px;\n--wpforms-label-size-sublabel-font-size: 14px;\n--wpforms-label-size-sublabel-line-height: 17px;\n--wpforms-button-size-font-size: 17px;\n--wpforms-button-size-height: 41px;\n--wpforms-button-size-padding-h: 15px;\n--wpforms-button-size-margin-top: 10px;\n\n\t\t\t\t}\n\t\t\t<\/style><style id=\"wpforms-css-vars-elementor-widget-60d1670\">\n\t\t\t\t.elementor-widget-wpforms.elementor-element-60d1670 {\n\t\t\t\t\t--wpforms-field-border-radius: 8px;\n--wpforms-field-border-color: #54595F;\n--wpforms-field-text-color: #7A7A7A;\n--wpforms-button-background-color: #0036A7;\n--wpforms-field-size-input-height: 43px;\n--wpforms-field-size-input-spacing: 15px;\n--wpforms-field-size-font-size: 16px;\n--wpforms-field-size-line-height: 19px;\n--wpforms-field-size-padding-h: 14px;\n--wpforms-field-size-checkbox-size: 16px;\n--wpforms-field-size-sublabel-spacing: 5px;\n--wpforms-field-size-icon-size: 1;\n--wpforms-label-size-font-size: 16px;\n--wpforms-label-size-line-height: 19px;\n--wpforms-label-size-sublabel-font-size: 14px;\n--wpforms-label-size-sublabel-line-height: 17px;\n--wpforms-button-size-font-size: 17px;\n--wpforms-button-size-height: 41px;\n--wpforms-button-size-padding-h: 15px;\n--wpforms-button-size-margin-top: 10px;\n\n\t\t\t\t}\n\t\t\t<\/style><div class=\"wpforms-container wpforms-container-full wpforms-render-modern\" id=\"wpforms-1380\"><form id=\"wpforms-form-1380\" class=\"wpforms-validate wpforms-form wpforms-ajax-form\" data-formid=\"1380\" method=\"post\" enctype=\"multipart\/form-data\" action=\"\/sv\/wp-json\/wp\/v2\/pages\/1520\" data-token=\"3c94b6b6a733e366e55150317b51ab6b\"><noscript class=\"wpforms-error-noscript\">Aktivera JavaScript i din webbl\u00e4sare f\u00f6r att slutf\u00f6ra detta formul\u00e4r.<\/noscript><div class=\"wpforms-hidden\" id=\"wpforms-error-noscript\">Aktivera JavaScript i din webbl\u00e4sare f\u00f6r att slutf\u00f6ra detta formul\u00e4r.<\/div><div class=\"wpforms-field-container\"><div id=\"wpforms-1380-field_0-container\" class=\"wpforms-field wpforms-field-name\" data-field-id=\"0\"><label class=\"wpforms-field-label\" for=\"wpforms-1380-field_0\">Namn <span class=\"wpforms-required-label\" aria-hidden=\"true\">*<\/span><\/label><input type=\"text\" id=\"wpforms-1380-field_0\" class=\"wpforms-field-medium wpforms-field-required\" name=\"wpforms[fields][0]\" aria-errormessage=\"wpforms-1380-field_0-error\" required><\/div><div id=\"wpforms-1380-field_1-container\" class=\"wpforms-field wpforms-field-email\" data-field-id=\"1\"><label class=\"wpforms-field-label\" for=\"wpforms-1380-field_1\">E-post <span class=\"wpforms-required-label\" aria-hidden=\"true\">*<\/span><\/label><input type=\"email\" id=\"wpforms-1380-field_1\" class=\"wpforms-field-medium wpforms-field-required\" name=\"wpforms[fields][1]\" spellcheck=\"false\" aria-errormessage=\"wpforms-1380-field_1-error\" required><\/div><div id=\"wpforms-1380-field_2-container\" class=\"wpforms-field wpforms-field-textarea\" data-field-id=\"2\"><label class=\"wpforms-field-label\" for=\"wpforms-1380-field_2\">Meddelande<\/label><textarea id=\"wpforms-1380-field_2\" class=\"wpforms-field-medium\" name=\"wpforms[fields][2]\" aria-errormessage=\"wpforms-1380-field_2-error\" ><\/textarea><\/div><div id=\"wpforms-1380-field_4-container\" class=\"wpforms-field wpforms-field-captcha\" data-field-id=\"4\"><label class=\"wpforms-field-label\" for=\"wpforms-1380-field_4\">Custom Captcha <span class=\"wpforms-required-label\" aria-hidden=\"true\">*<\/span><\/label>\t\t\t<div class=\"wpforms-captcha-math\">\n\t\t\t\t<span id=\"wpforms-1380-field_4-question\" class=\"wpforms-captcha-equation\">\n\t\t\t\t\t<span class=\"n1\">12<\/span>\n\t\t\t\t\t\t\t<span class=\"cal\">*<\/span>\n\t\t\t\t\t\t\t<span class=\"n2\">5<\/span>\t\t\t\t\t<span class=\"e\">=<\/span>\n\t\t\t\t<\/span>\n\t\t\t\t<input type=\"text\" id=\"wpforms-1380-field_4\" class=\"wpforms-field-medium wpforms-field-required a\" data-rule-wpf-captcha=\"math\" data-is-wrapped-field=\"1\" name=\"wpforms[fields][4][a]\" aria-errormessage=\"wpforms-1380-field_4-error\" aria-describedby=\"wpforms-1380-field_4-description wpforms-1380-field_4-question\" required>\t\t\t\t<input type=\"hidden\" name=\"wpforms[fields][4][cal]\" class=\"cal\">\n\t\t\t\t<input type=\"hidden\" name=\"wpforms[fields][4][n2]\" class=\"n2\">\n\t\t\t\t<input type=\"hidden\" name=\"wpforms[fields][4][n1]\" class=\"n1\">\n\t\t\t<\/div>\n\t\t\t<div id=\"wpforms-1380-field_4-description\" class=\"wpforms-field-description\">Please answer the question above to proceed.<\/div><\/div><\/div><!-- .wpforms-field-container --><div class=\"wpforms-recaptcha-container wpforms-is-recaptcha wpforms-is-recaptcha-type-v2\" ><div class=\"g-recaptcha\" data-sitekey=\"6LcHV5gpAAAAAJHd53uX6_o0YxA61VGPQI4E3dBS\"><\/div><input type=\"text\" name=\"g-recaptcha-hidden\" class=\"wpforms-recaptcha-hidden\" style=\"position:absolute!important;clip:rect(0,0,0,0)!important;height:1px!important;width:1px!important;border:0!important;overflow:hidden!important;padding:0!important;margin:0!important;\" data-rule-recaptcha=\"1\"><\/div><div class=\"wpforms-submit-container\" ><input type=\"hidden\" name=\"wpforms[id]\" value=\"1380\"><input type=\"hidden\" name=\"wpforms[author]\" value=\"1\"><button type=\"submit\" name=\"wpforms[submit]\" id=\"wpforms-submit-1380\" class=\"wpforms-submit\" data-alt-text=\"Skickar...\" data-submit-text=\"Skicka in\" aria-live=\"assertive\" value=\"wpforms-submit\">Skicka in<\/button><img decoding=\"async\" src=\"https:\/\/www.biogenactive.com\/wp-content\/plugins\/wpforms\/assets\/images\/submit-spin.svg\" class=\"wpforms-submit-spinner\" style=\"display: none;\" width=\"26\" height=\"26\" alt=\"Laddar\"><\/div><\/form><\/div>  <!-- .wpforms-container -->\t\t<\/div>\n\t\t\t\t<\/div>\n\t\t\t\t<\/div>\n\t\t\t\t\t<\/div>\n\t\t\t\t<\/div>\n\t\t<div class=\"elementor-element elementor-element-d746198 e-flex e-con-boxed e-con e-parent\" data-id=\"d746198\" data-element_type=\"container\" data-settings=\"{&quot;background_background&quot;:&quot;classic&quot;,&quot;jet_parallax_layout_list&quot;:[]}\">\n\t\t\t\t\t<div class=\"e-con-inner\">\n\t\t<div class=\"elementor-element elementor-element-61c180a e-con-full e-flex e-con e-child\" data-id=\"61c180a\" data-element_type=\"container\" data-settings=\"{&quot;background_background&quot;:&quot;classic&quot;,&quot;jet_parallax_layout_list&quot;:[]}\">\n\t\t\t\t<div class=\"elementor-element elementor-element-d0590a1 elementor-widget elementor-widget-jet-map\" data-id=\"d0590a1\" data-element_type=\"widget\" data-widget_type=\"jet-map.default\">\n\t\t\t\t<div class=\"elementor-widget-container\">\n\t\t\t<div class=\"jet-map\" data-init=\"{&quot;center&quot;:{&quot;lat&quot;:62.91506729999999691926859668456017971038818359375,&quot;lng&quot;:15.2413985000000007374865163001231849193572998046875},&quot;zoom&quot;:15,&quot;scrollwheel&quot;:false,&quot;zoomControl&quot;:false,&quot;fullscreenControl&quot;:false,&quot;streetViewControl&quot;:false,&quot;mapTypeControl&quot;:false,&quot;pinsAutoClose&quot;:false,&quot;gestureHandling&quot;:&quot;none&quot;}\" data-pins=\"[{&quot;address&quot;:&quot;S\\u00e5gv\\u00e4gen 9 843 41 G\\u00e4ll\\u00f6&quot;,&quot;position&quot;:{&quot;lat&quot;:62.91506729999999691926859668456017971038818359375,&quot;lng&quot;:15.2413985000000007374865163001231849193572998046875},&quot;desc&quot;:&quot;&quot;,&quot;state&quot;:&quot;visible&quot;}]\"><\/div>\t\t<\/div>\n\t\t\t\t<\/div>\n\t\t\t\t<div class=\"elementor-element elementor-element-8848ceb elementor-widget elementor-widget-heading\" data-id=\"8848ceb\" data-element_type=\"widget\" data-widget_type=\"heading.default\">\n\t\t\t\t<div class=\"elementor-widget-container\">\n\t\t\t<h5 class=\"elementor-heading-title elementor-size-default elementor-heading-title elementor-align-after-center\">Huvudkontor<\/h5>\t\t<\/div>\n\t\t\t\t<\/div>\n\t\t\t\t<div class=\"elementor-element elementor-element-8ba6311 elementor-widget elementor-widget-text-editor\" data-id=\"8ba6311\" data-element_type=\"widget\" data-widget_type=\"text-editor.default\">\n\t\t\t\t<div class=\"elementor-widget-container\">\n\t\t\t\t\t\t\t<address>S\u00e5gv\u00e4gen 9<br \/>843 41 G\u00e4ll\u00f6<br \/>Sverige<\/address>\n<p><a class=\"tm-10\" href=\"http:\/\/maps.google.se\/maps?f=q&amp;source=s_q&amp;hl=sv&amp;geocode=&amp;q=s%C3%A5gv%C3%A4gen+9,+84050+g%C3%A4ll%C3%B6&amp;sll=61.606396,21.225586&amp;sspn=26.068579,69.433594&amp;ie=UTF8&amp;z=15&amp;iwloc=A\" target=\"_blank\" rel=\"noopener\">VISA P\u00c5 KARTA<\/a><\/p>\n\t\t\t\t\t\t<\/div>\n\t\t\t\t<\/div>\n\t\t\t\t<\/div>\n\t\t<div class=\"elementor-element elementor-element-14066dc e-con-full elementor-hidden-desktop elementor-hidden-tablet elementor-hidden-mobile e-flex e-con e-child\" data-id=\"14066dc\" data-element_type=\"container\" data-settings=\"{&quot;background_background&quot;:&quot;classic&quot;,&quot;jet_parallax_layout_list&quot;:[]}\">\n\t\t\t\t<div class=\"elementor-element elementor-element-c2983a7 elementor-widget elementor-widget-jet-map\" data-id=\"c2983a7\" data-element_type=\"widget\" data-widget_type=\"jet-map.default\">\n\t\t\t\t<div class=\"elementor-widget-container\">\n\t\t\t<div class=\"jet-map\" data-init=\"{&quot;center&quot;:{&quot;lat&quot;:63.176925399999987575938575901091098785400390625,&quot;lng&quot;:14.6517678000000000082536644185893237590789794921875},&quot;zoom&quot;:15,&quot;scrollwheel&quot;:false,&quot;zoomControl&quot;:false,&quot;fullscreenControl&quot;:false,&quot;streetViewControl&quot;:false,&quot;mapTypeControl&quot;:false,&quot;pinsAutoClose&quot;:false,&quot;gestureHandling&quot;:&quot;none&quot;}\" data-pins=\"[{&quot;address&quot;:&quot;Akademigatan 3 831 40 \\u00d6stersund&quot;,&quot;position&quot;:{&quot;lat&quot;:63.176925399999987575938575901091098785400390625,&quot;lng&quot;:14.6517678000000000082536644185893237590789794921875},&quot;desc&quot;:&quot;&quot;,&quot;state&quot;:&quot;visible&quot;}]\"><\/div>\t\t<\/div>\n\t\t\t\t<\/div>\n\t\t\t\t<div class=\"elementor-element elementor-element-254936b elementor-widget elementor-widget-heading\" data-id=\"254936b\" data-element_type=\"widget\" data-widget_type=\"heading.default\">\n\t\t\t\t<div class=\"elementor-widget-container\">\n\t\t\t<h5 class=\"elementor-heading-title elementor-size-default elementor-heading-title elementor-align-after-center\">S\u00e4ljkontor, \u00d6stersund<\/h5>\t\t<\/div>\n\t\t\t\t<\/div>\n\t\t\t\t<div class=\"elementor-element elementor-element-3912a4b elementor-widget elementor-widget-text-editor\" data-id=\"3912a4b\" data-element_type=\"widget\" data-widget_type=\"text-editor.default\">\n\t\t\t\t<div class=\"elementor-widget-container\">\n\t\t\t\t\t\t\t<address>Akademigatan 3<br \/>831 40 \u00d6stersund<br \/>Sverige<\/address>\n<p><a class=\"tm-10\" href=\"https:\/\/goo.gl\/maps\/uZ6fotVDfNk\" target=\"_blank\" rel=\"noopener\">VISA P\u00c5 KARTA<\/a><\/p>\n\t\t\t\t\t\t<\/div>\n\t\t\t\t<\/div>\n\t\t\t\t<\/div>\n\t\t<div class=\"elementor-element elementor-element-09dce9f e-con-full e-flex e-con e-child\" data-id=\"09dce9f\" data-element_type=\"container\" data-settings=\"{&quot;background_background&quot;:&quot;classic&quot;,&quot;jet_parallax_layout_list&quot;:[]}\">\n\t\t\t\t<div class=\"elementor-element elementor-element-09c7666 elementor-widget elementor-widget-jet-map\" data-id=\"09c7666\" data-element_type=\"widget\" data-widget_type=\"jet-map.default\">\n\t\t\t\t<div class=\"elementor-widget-container\">\n\t\t\t<div class=\"jet-map\" data-init=\"{&quot;center&quot;:{&quot;lat&quot;:59.36295999999998684870661236345767974853515625,&quot;lng&quot;:18.1467999999999989313437254168093204498291015625},&quot;zoom&quot;:15,&quot;scrollwheel&quot;:false,&quot;zoomControl&quot;:false,&quot;fullscreenControl&quot;:false,&quot;streetViewControl&quot;:false,&quot;mapTypeControl&quot;:false,&quot;pinsAutoClose&quot;:false,&quot;gestureHandling&quot;:&quot;none&quot;}\" data-pins=\"[{&quot;address&quot;:&quot;181 70 Liding\\u00f6&quot;,&quot;position&quot;:{&quot;lat&quot;:59.36295999999998684870661236345767974853515625,&quot;lng&quot;:18.1467999999999989313437254168093204498291015625},&quot;desc&quot;:&quot;&quot;,&quot;state&quot;:&quot;visible&quot;}]\"><\/div>\t\t<\/div>\n\t\t\t\t<\/div>\n\t\t\t\t<div class=\"elementor-element elementor-element-5e5d864 elementor-widget elementor-widget-heading\" data-id=\"5e5d864\" data-element_type=\"widget\" data-widget_type=\"heading.default\">\n\t\t\t\t<div class=\"elementor-widget-container\">\n\t\t\t<h5 class=\"elementor-heading-title elementor-size-default elementor-heading-title elementor-align-after-center\">S\u00e4ljkontor, Stockholm<\/h5>\t\t<\/div>\n\t\t\t\t<\/div>\n\t\t\t\t<div class=\"elementor-element elementor-element-7afee31 elementor-widget elementor-widget-text-editor\" data-id=\"7afee31\" data-element_type=\"widget\" data-widget_type=\"text-editor.default\">\n\t\t\t\t<div class=\"elementor-widget-container\">\n\t\t\t\t\t\t\t<address>Agav\u00e4gen 52A<br \/>181 70 Liding\u00f6<br \/>Sverige<\/address>\n<p><a class=\"tm-10\" href=\"https:\/\/maps.google.se\/maps?q=Agav%C3%A4gen+52,+Liding%C3%B6&amp;hl=sv&amp;ie=UTF8&amp;ll=59.345697,18.155401&amp;spn=0.008172,0.020041&amp;sll=59.345937,18.155401&amp;sspn=0.008172,0.020041&amp;hnear=Agav%C3%A4gen+52&amp;t=m&amp;z=16&amp;iwloc=A\" target=\"_blank\" rel=\"noopener\">VISA P\u00c5 KARTA<\/a><\/p>\n\t\t\t\t\t\t<\/div>\n\t\t\t\t<\/div>\n\t\t\t\t<\/div>\n\t\t\t\t\t<\/div>\n\t\t\t\t<\/div>\n\t\t\t\t<\/div>\n\t\t","protected":false},"excerpt":{"rendered":"<p>Kontakta oss Kontakta v\u00e5rt team Kom i kontakt med oss Vi uppskattar dina synpunkter och vi finns h\u00e4r f\u00f6r att hj\u00e4lpa dig p\u00e5 alla s\u00e4tt vi kan. Oavsett om du har fr\u00e5gor, f\u00f6rslag eller beh\u00f6ver support, tveka inte att kontakta oss. Nedan hittar du v\u00e5r kontaktinformation f\u00f6r att n\u00e5 v\u00e5rt team. Din feedback \u00e4r ov\u00e4rderlig [&hellip;]<\/p>\n","protected":false},"author":1,"featured_media":0,"parent":0,"menu_order":0,"comment_status":"closed","ping_status":"closed","template":"elementor_header_footer","meta":{"inline_featured_image":false,"footnotes":""},"class_list":["post-1520","page","type-page","status-publish","hentry"],"_links":{"self":[{"href":"https:\/\/www.biogenactive.com\/sv\/wp-json\/wp\/v2\/pages\/1520","targetHints":{"allow":["GET"]}}],"collection":[{"href":"https:\/\/www.biogenactive.com\/sv\/wp-json\/wp\/v2\/pages"}],"about":[{"href":"https:\/\/www.biogenactive.com\/sv\/wp-json\/wp\/v2\/types\/page"}],"author":[{"embeddable":true,"href":"https:\/\/www.biogenactive.com\/sv\/wp-json\/wp\/v2\/users\/1"}],"replies":[{"embeddable":true,"href":"https:\/\/www.biogenactive.com\/sv\/wp-json\/wp\/v2\/comments?post=1520"}],"version-history":[{"count":0,"href":"https:\/\/www.biogenactive.com\/sv\/wp-json\/wp\/v2\/pages\/1520\/revisions"}],"wp:attachment":[{"href":"https:\/\/www.biogenactive.com\/sv\/wp-json\/wp\/v2\/media?parent=1520"}],"curies":[{"name":"wp","href":"https:\/\/api.w.org\/{rel}","templated":true}]}}